{"id":12155,"date":"2023-01-13T10:18:53","date_gmt":"2023-01-13T15:18:53","guid":{"rendered":"https:\/\/colombogirardot.com\/2021\/?page_id=12155"},"modified":"2023-01-13T16:16:12","modified_gmt":"2023-01-13T21:16:12","slug":"formulario-quejas-reclamos-sugerencias-y-felicitaciones","status":"publish","type":"page","link":"https:\/\/colombogirardot.com\/2021\/formulario-quejas-reclamos-sugerencias-y-felicitaciones\/","title":{"rendered":"Formulario quejas, reclamos, sugerencias y felicitaciones"},"content":{"rendered":"<div class=\"wpb-content-wrapper\"><p>[vc_row][vc_column][vc_row_inner][vc_column_inner]<div class=\"thim-widget-heading template-base\"><div class=\"sc_heading  \"><h3 class=\"title\">Si usted desea depositar una queja, reclamo, sugerencia o felicitaci\u00f3n con ocasi\u00f3n de la prestaci\u00f3n del servicio, s\u00edrvase diligenciar el presente formato y recuerde que todas sus inquietudes ser\u00e1n atendidas, en forma oportuna.<\/h3><\/div><\/div>[\/vc_column_inner][\/vc_row_inner][\/vc_column][\/vc_row][vc_row][vc_column]<noscript class=\"ninja-forms-noscript-message\">\n\tAviso: Se requiere JavaScript para este contenido.<\/noscript>\n<div id=\"nf-form-2-cont\" class=\"nf-form-cont\" aria-live=\"polite\" aria-labelledby=\"nf-form-title-2\" aria-describedby=\"nf-form-errors-2\" role=\"form\">\n\n    <div class=\"nf-loading-spinner\"><\/div>\n\n<\/div>\n        <!-- That data is being printed as a workaround to page builders reordering the order of the scripts loaded-->\n        <script>var formDisplay=1;var nfForms=nfForms||[];var form=[];form.id='2';form.settings={\"objectType\":\"Form Setting\",\"editActive\":true,\"title\":\"QUEJAS, RECLAMOS, SUGERENCIAS Y FELICITACIONES \",\"created_at\":\"2023-01-13 09:58:48\",\"form_title\":\"Enquiry\",\"default_label_pos\":\"above\",\"show_title\":\"0\",\"clear_complete\":\"1\",\"hide_complete\":\"1\",\"logged_in\":\"0\",\"wrapper_class\":\"\",\"element_class\":\"\",\"key\":\"\",\"add_submit\":\"1\",\"currency\":\"\",\"unique_field_error\":\"A form with this value has already been submitted.\",\"not_logged_in_msg\":\"\",\"sub_limit_msg\":\"The form has reached its submission limit.\",\"calculations\":[],\"formContentData\":[\"fecha_de_presentacion_de_la_q_r_s_f_1673621993888\",\"forma_de_presentacion_de_la_q_r_s_f_1673622043087\",\"nombre_de_quien_presenta_la_q_r_s_f_1673622191969\",\"documento_de_identidad_1673622226645\",\"correo_electronico_1673622238890\",\"telefono_1673622251150\",\"address_1673622286051\",\"causa_y_descripcion_de_la_q_r_s_f_1673622308579\",\"enviar_1673622332700\"],\"drawerDisabled\":false,\"allow_public_link\":0,\"embed_form\":\"\",\"form_title_heading_level\":\"3\",\"changeEmailErrorMsg\":\"Introduce una direcci\\u00f3n de correo electr\\u00f3nico v\\u00e1lida.\",\"changeDateErrorMsg\":\"\\u00a1Introduce una fecha v\\u00e1lida!\",\"confirmFieldErrorMsg\":\"Estos campos deben coincidir.\",\"fieldNumberNumMinError\":\"Error de n\\u00famero m\\u00ednimo\",\"fieldNumberNumMaxError\":\"Error de n\\u00famero m\\u00e1ximo\",\"fieldNumberIncrementBy\":\"Increm\\u00e9ntalo por \",\"formErrorsCorrectErrors\":\"Corrige los errores antes de enviar este formulario.\",\"validateRequiredField\":\"Esto es un campo obligatorio.\",\"honeypotHoneypotError\":\"Error de Honeypot\",\"fieldsMarkedRequired\":\"Los campos marcados con <span class=\\\"ninja-forms-req-symbol\\\">*<\\\/span> son obligatorios\",\"ninjaForms\":\"Ninja Forms\",\"fieldTextareaRTEInsertLink\":\"Insertar enlace\",\"fieldTextareaRTEInsertMedia\":\"Insertar medios\",\"fieldTextareaRTESelectAFile\":\"Seleccione un archivo\",\"formHoneypot\":\"Si eres un ser humano y est\\u00e1s viendo este campo, por favor d\\u00e9jalo vac\\u00edo.\",\"fileUploadOldCodeFileUploadInProgress\":\"Subida de archivo en curso.\",\"fileUploadOldCodeFileUpload\":\"SUBIDA DE ARCHIVO\",\"currencySymbol\":false,\"thousands_sep\":\".\",\"decimal_point\":\",\",\"siteLocale\":\"es_ES\",\"dateFormat\":\"m\\\/d\\\/Y\",\"startOfWeek\":\"1\",\"of\":\"de\",\"previousMonth\":\"Mes anterior\",\"nextMonth\":\"Pr\\u00f3ximo mes\",\"months\":[\"Enero\",\"Febrero\",\"Marzo\",\"Abril\",\"Mayo\",\"Junio\",\"Julio\",\"Agosto\",\"Septiembre\",\"Octubre\",\"Noviembre\",\"Diciembre\"],\"monthsShort\":[\"Ene\",\"Feb\",\"Mar\",\"Abr\",\"Mayo\",\"Jun\",\"Jul\",\"Ago\",\"Sep\",\"Oct\",\"Nov\",\"Dic\"],\"weekdays\":[\"Domingo\",\"Lunes\",\"Martes\",\"Mi\\u00e9rcoles\",\"Jueves\",\"Viernes\",\"S\\u00e1bado\"],\"weekdaysShort\":[\"Dom\",\"Lun\",\"Mar\",\"Mi\\u00e9\",\"Jue\",\"Vie\",\"S\\u00e1b\"],\"weekdaysMin\":[\"Do\",\"Lu\",\"Ma\",\"Mi\",\"Ju\",\"Vi\",\"S\\u00e1\"],\"recaptchaConsentMissing\":\"reCaptcha validation couldn&#039;t load.\",\"recaptchaMissingCookie\":\"reCaptcha v3 validation couldn&#039;t load the cookie needed to submit the form.\",\"recaptchaConsentEvent\":\"Accept reCaptcha cookies before sending the form.\",\"currency_symbol\":\"\",\"beforeForm\":\"\",\"beforeFields\":\"\",\"afterFields\":\"\",\"afterForm\":\"\"};form.fields=[{\"objectType\":\"Field\",\"objectDomain\":\"fields\",\"editActive\":false,\"order\":1,\"idAttribute\":\"id\",\"label\":\"Fecha de presentaci\\u00f3n de la Q.R.S.F.\",\"type\":\"date\",\"key\":\"fecha_de_presentacion_de_la_q_r_s_f_1673621993888\",\"label_pos\":\"above\",\"required\":false,\"placeholder\":\"\",\"container_class\":\"\",\"element_class\":\"\",\"manual_key\":false,\"admin_label\":\"\",\"help_text\":\"\",\"date_mode\":\"date_only\",\"date_format\":\"default\",\"year_range_start\":\"\",\"year_range_end\":\"\",\"hours_24\":0,\"minute_increment\":5,\"drawerDisabled\":false,\"id\":15,\"beforeField\":\"\",\"afterField\":\"\",\"value\":\"\",\"parentType\":\"date\",\"element_templates\":[\"date\",\"textbox\",\"input\"],\"old_classname\":\"\",\"wrap_template\":\"wrap\"},{\"objectType\":\"Field\",\"objectDomain\":\"fields\",\"editActive\":false,\"order\":2,\"idAttribute\":\"id\",\"label\":\"Forma de presentaci\\u00f3n de la Q.R.S.F.\",\"type\":\"listradio\",\"key\":\"forma_de_presentacion_de_la_q_r_s_f_1673622043087\",\"label_pos\":\"above\",\"required\":1,\"options\":[{\"errors\":[],\"max_options\":0,\"label\":\"Telef\\u00f3nica\",\"value\":\"choice1\",\"calc\":\"\",\"selected\":0,\"order\":0,\"settingModel\":{\"settings\":false,\"hide_merge_tags\":false,\"error\":false,\"name\":\"options\",\"type\":\"option-repeater\",\"label\":\"Opciones <a href=\\\"#\\\" class=\\\"nf-add-new\\\">A\\u00f1adir nuevo<\\\/a> <a href=\\\"#\\\" class=\\\"extra nf-open-import-tooltip\\\"><i class=\\\"fa fa-sign-in\\\" aria-hidden=\\\"true\\\"><\\\/i> Importar<\\\/a>\",\"width\":\"full\",\"group\":\"\",\"value\":[{\"label\":\"Uno\",\"value\":\"uno\",\"calc\":\"\",\"selected\":0,\"order\":0},{\"label\":\"Dos\",\"value\":\"dos\",\"calc\":\"\",\"selected\":0,\"order\":1},{\"label\":\"Tres\",\"value\":\"tres\",\"calc\":\"\",\"selected\":0,\"order\":2}],\"columns\":{\"label\":{\"header\":\"Etiqueta\",\"default\":\"\"},\"value\":{\"header\":\"Valor\",\"default\":\"\"},\"calc\":{\"header\":\"Valor calc\",\"default\":\"\"},\"selected\":{\"header\":\"<span class=\\\"dashicons dashicons-yes\\\"><\\\/span>\",\"default\":0}}},\"manual_value\":true},{\"errors\":[],\"max_options\":0,\"label\":\"Personal\",\"value\":\"choice2\",\"calc\":\"\",\"selected\":0,\"order\":1,\"settingModel\":{\"settings\":false,\"hide_merge_tags\":false,\"error\":false,\"name\":\"options\",\"type\":\"option-repeater\",\"label\":\"Opciones <a href=\\\"#\\\" class=\\\"nf-add-new\\\">A\\u00f1adir nuevo<\\\/a> <a href=\\\"#\\\" class=\\\"extra nf-open-import-tooltip\\\"><i class=\\\"fa fa-sign-in\\\" aria-hidden=\\\"true\\\"><\\\/i> Importar<\\\/a>\",\"width\":\"full\",\"group\":\"\",\"value\":[{\"label\":\"Uno\",\"value\":\"uno\",\"calc\":\"\",\"selected\":0,\"order\":0},{\"label\":\"Dos\",\"value\":\"dos\",\"calc\":\"\",\"selected\":0,\"order\":1},{\"label\":\"Tres\",\"value\":\"tres\",\"calc\":\"\",\"selected\":0,\"order\":2}],\"columns\":{\"label\":{\"header\":\"Etiqueta\",\"default\":\"\"},\"value\":{\"header\":\"Valor\",\"default\":\"\"},\"calc\":{\"header\":\"Valor calc\",\"default\":\"\"},\"selected\":{\"header\":\"<span class=\\\"dashicons dashicons-yes\\\"><\\\/span>\",\"default\":0}}},\"manual_value\":true},{\"errors\":[],\"max_options\":0,\"label\":\"Buz\\u00f3n\",\"value\":\"choice3\",\"calc\":\"\",\"selected\":0,\"order\":2,\"settingModel\":{\"settings\":false,\"hide_merge_tags\":false,\"error\":false,\"name\":\"options\",\"type\":\"option-repeater\",\"label\":\"Opciones <a href=\\\"#\\\" class=\\\"nf-add-new\\\">A\\u00f1adir nuevo<\\\/a> <a href=\\\"#\\\" class=\\\"extra nf-open-import-tooltip\\\"><i class=\\\"fa fa-sign-in\\\" aria-hidden=\\\"true\\\"><\\\/i> Importar<\\\/a>\",\"width\":\"full\",\"group\":\"\",\"value\":[{\"label\":\"Uno\",\"value\":\"uno\",\"calc\":\"\",\"selected\":0,\"order\":0},{\"label\":\"Dos\",\"value\":\"dos\",\"calc\":\"\",\"selected\":0,\"order\":1},{\"label\":\"Tres\",\"value\":\"tres\",\"calc\":\"\",\"selected\":0,\"order\":2}],\"columns\":{\"label\":{\"header\":\"Etiqueta\",\"default\":\"\"},\"value\":{\"header\":\"Valor\",\"default\":\"\"},\"calc\":{\"header\":\"Valor calc\",\"default\":\"\"},\"selected\":{\"header\":\"<span class=\\\"dashicons dashicons-yes\\\"><\\\/span>\",\"default\":0}}},\"manual_value\":true},{\"errors\":[],\"max_options\":0,\"order\":3,\"new\":false,\"options\":[],\"label\":\"Correspondencia\",\"value\":\"correspondencia\",\"calc\":\"\",\"selected\":0,\"settingModel\":{\"settings\":false,\"hide_merge_tags\":false,\"error\":false,\"name\":\"options\",\"type\":\"option-repeater\",\"label\":\"Opciones <a href=\\\"#\\\" class=\\\"nf-add-new\\\">A\\u00f1adir nuevo<\\\/a> <a href=\\\"#\\\" class=\\\"extra nf-open-import-tooltip\\\"><i class=\\\"fa fa-sign-in\\\" aria-hidden=\\\"true\\\"><\\\/i> Importar<\\\/a>\",\"width\":\"full\",\"group\":\"\",\"value\":[{\"label\":\"Uno\",\"value\":\"uno\",\"calc\":\"\",\"selected\":0,\"order\":0},{\"label\":\"Dos\",\"value\":\"dos\",\"calc\":\"\",\"selected\":0,\"order\":1},{\"label\":\"Tres\",\"value\":\"tres\",\"calc\":\"\",\"selected\":0,\"order\":2}],\"columns\":{\"label\":{\"header\":\"Etiqueta\",\"default\":\"\"},\"value\":{\"header\":\"Valor\",\"default\":\"\"},\"calc\":{\"header\":\"Valor calc\",\"default\":\"\"},\"selected\":{\"header\":\"<span class=\\\"dashicons dashicons-yes\\\"><\\\/span>\",\"default\":0}}}},{\"errors\":[],\"max_options\":0,\"order\":4,\"new\":false,\"options\":[],\"label\":\"Electr\\u00f3nica - Whatsapp\",\"value\":\"electronica-whatsapp\",\"calc\":\"\",\"selected\":0,\"settingModel\":{\"settings\":false,\"hide_merge_tags\":false,\"error\":false,\"name\":\"options\",\"type\":\"option-repeater\",\"label\":\"Opciones <a href=\\\"#\\\" class=\\\"nf-add-new\\\">A\\u00f1adir nuevo<\\\/a> <a href=\\\"#\\\" class=\\\"extra nf-open-import-tooltip\\\"><i class=\\\"fa fa-sign-in\\\" aria-hidden=\\\"true\\\"><\\\/i> Importar<\\\/a>\",\"width\":\"full\",\"group\":\"\",\"value\":[{\"label\":\"Uno\",\"value\":\"uno\",\"calc\":\"\",\"selected\":0,\"order\":0},{\"label\":\"Dos\",\"value\":\"dos\",\"calc\":\"\",\"selected\":0,\"order\":1},{\"label\":\"Tres\",\"value\":\"tres\",\"calc\":\"\",\"selected\":0,\"order\":2}],\"columns\":{\"label\":{\"header\":\"Etiqueta\",\"default\":\"\"},\"value\":{\"header\":\"Valor\",\"default\":\"\"},\"calc\":{\"header\":\"Valor calc\",\"default\":\"\"},\"selected\":{\"header\":\"<span class=\\\"dashicons dashicons-yes\\\"><\\\/span>\",\"default\":0}}}}],\"container_class\":\"\",\"element_class\":\"\",\"admin_label\":\"\",\"help_text\":\"\",\"drawerDisabled\":false,\"field_label\":\"Occupation\",\"field_key\":\"occupation_1523908435932\",\"id\":9,\"beforeField\":\"\",\"afterField\":\"\",\"value\":\"\",\"parentType\":\"list\",\"element_templates\":[\"listradio\",\"input\"],\"old_classname\":\"list-radio\",\"wrap_template\":\"wrap\"},{\"objectType\":\"Field\",\"objectDomain\":\"fields\",\"editActive\":false,\"order\":3,\"idAttribute\":\"id\",\"label\":\"Nombre de quien presenta la Q.R.S.F.\",\"type\":\"firstname\",\"key\":\"nombre_de_quien_presenta_la_q_r_s_f_1673622191969\",\"label_pos\":\"above\",\"required\":1,\"default\":\"\",\"placeholder\":\"\",\"container_class\":\"one-half first\",\"element_class\":\"\",\"admin_label\":\"\",\"help_text\":\"\",\"custom_name_attribute\":\"fname\",\"field_label\":\"First Name\",\"field_key\":\"firstname_1523908368154\",\"personally_identifiable\":1,\"value\":\"\",\"drawerDisabled\":false,\"id\":5,\"beforeField\":\"\",\"afterField\":\"\",\"parentType\":\"firstname\",\"element_templates\":[\"firstname\",\"input\"],\"old_classname\":\"\",\"wrap_template\":\"wrap\"},{\"objectType\":\"Field\",\"objectDomain\":\"fields\",\"editActive\":false,\"order\":4,\"idAttribute\":\"id\",\"label\":\"Documento de identidad\",\"type\":\"number\",\"key\":\"documento_de_identidad_1673622226645\",\"label_pos\":\"above\",\"required\":false,\"default\":\"\",\"placeholder\":\"\",\"container_class\":\"\",\"element_class\":\"\",\"manual_key\":false,\"admin_label\":\"\",\"help_text\":\"\",\"num_min\":\"\",\"num_max\":\"\",\"num_step\":1,\"value\":\"\",\"drawerDisabled\":false,\"id\":16,\"beforeField\":\"\",\"afterField\":\"\",\"parentType\":\"number\",\"element_templates\":[\"number\",\"input\"],\"old_classname\":\"\",\"wrap_template\":\"wrap\"},{\"objectType\":\"Field\",\"objectDomain\":\"fields\",\"editActive\":false,\"order\":5,\"idAttribute\":\"id\",\"label\":\"Correo Electr\\u00f3nico\",\"type\":\"email\",\"key\":\"correo_electronico_1673622238890\",\"label_pos\":\"above\",\"required\":\"\",\"default\":\"\",\"placeholder\":\"\",\"container_class\":\"\",\"element_class\":\"\",\"admin_label\":\"\",\"help_text\":\"\",\"custom_name_attribute\":\"email\",\"field_label\":\"Email\",\"field_key\":\"email_1523908522614\",\"personally_identifiable\":1,\"value\":\"\",\"drawerDisabled\":false,\"id\":7,\"beforeField\":\"\",\"afterField\":\"\",\"parentType\":\"email\",\"element_templates\":[\"email\",\"input\"],\"old_classname\":\"\",\"wrap_template\":\"wrap\"},{\"objectType\":\"Field\",\"objectDomain\":\"fields\",\"editActive\":false,\"order\":6,\"idAttribute\":\"id\",\"label\":\"Telef\\u00f3no\",\"type\":\"phone\",\"key\":\"telefono_1673622251150\",\"label_pos\":\"above\",\"required\":\"\",\"default\":\"\",\"placeholder\":\"\",\"container_class\":\"\",\"element_class\":\"\",\"input_limit\":\"\",\"input_limit_type\":\"characters\",\"input_limit_msg\":\"Character(s) left\",\"manual_key\":\"\",\"admin_label\":\"\",\"help_text\":\"\",\"mask\":\"\",\"custom_mask\":\"\",\"custom_name_attribute\":\"phone\",\"field_label\":\"Phone\",\"field_key\":\"phone_1523908588264\",\"personally_identifiable\":1,\"value\":\"\",\"drawerDisabled\":false,\"id\":8,\"beforeField\":\"\",\"afterField\":\"\",\"parentType\":\"textbox\",\"element_templates\":[\"tel\",\"textbox\",\"input\"],\"old_classname\":\"\",\"wrap_template\":\"wrap\"},{\"objectType\":\"Field\",\"objectDomain\":\"fields\",\"editActive\":false,\"order\":7,\"idAttribute\":\"id\",\"label\":\"Direcci\\u00f3n\",\"type\":\"address\",\"key\":\"address_1673622286051\",\"label_pos\":\"above\",\"required\":false,\"default\":\"\",\"placeholder\":\"\",\"container_class\":\"\",\"element_class\":\"\",\"input_limit\":\"\",\"input_limit_type\":\"characters\",\"input_limit_msg\":\"Caracteres restantes\",\"manual_key\":false,\"admin_label\":\"\",\"help_text\":\"\",\"mask\":\"\",\"custom_mask\":\"\",\"custom_name_attribute\":\"address\",\"personally_identifiable\":1,\"value\":\"\",\"id\":17,\"beforeField\":\"\",\"afterField\":\"\",\"parentType\":\"address\",\"element_templates\":[\"address\",\"textbox\",\"input\"],\"old_classname\":\"\",\"wrap_template\":\"wrap\"},{\"objectType\":\"Field\",\"objectDomain\":\"fields\",\"editActive\":false,\"order\":8,\"idAttribute\":\"id\",\"label\":\"CAUSA Y DESCRIPCI\\u00d3N DE LA Q.R.S.F.\",\"type\":\"textarea\",\"key\":\"causa_y_descripcion_de_la_q_r_s_f_1673622308579\",\"label_pos\":\"above\",\"required\":1,\"default\":\"\",\"placeholder\":\"\",\"container_class\":\"\",\"element_class\":\"\",\"input_limit\":\"\",\"input_limit_type\":\"characters\",\"input_limit_msg\":\"Character(s) left\",\"manual_key\":\"\",\"admin_label\":\"\",\"help_text\":\"\",\"textarea_rte\":\"\",\"disable_rte_mobile\":\"\",\"textarea_media\":\"\",\"field_label\":\"Details\",\"field_key\":\"details_1523908537286\",\"value\":\"\",\"drawerDisabled\":false,\"id\":11,\"beforeField\":\"\",\"afterField\":\"\",\"parentType\":\"textarea\",\"element_templates\":[\"textarea\",\"input\"],\"old_classname\":\"\",\"wrap_template\":\"wrap\"},{\"objectType\":\"Field\",\"objectDomain\":\"fields\",\"editActive\":false,\"order\":10,\"idAttribute\":\"id\",\"type\":\"submit\",\"label\":\"Enviar\",\"processing_label\":\"Procesando\",\"container_class\":\"\",\"element_class\":\"\",\"key\":\"enviar_1673622332700\",\"field_label\":\"Submit\",\"field_key\":\"submit_1523908548082\",\"drawerDisabled\":false,\"id\":14,\"beforeField\":\"\",\"afterField\":\"\",\"value\":\"\",\"label_pos\":\"above\",\"parentType\":\"textbox\",\"element_templates\":[\"submit\",\"button\",\"input\"],\"old_classname\":\"\",\"wrap_template\":\"wrap-no-label\"}];nfForms.push(form);<\/script>\n        [\/vc_column][\/vc_row]<\/p>\n<\/div>","protected":false},"excerpt":{"rendered":"<p>[vc_row][vc_column][vc_row_inner][vc_column_inner][\/vc_column_inner][\/vc_row_inner][\/vc_column][\/vc_row][vc_row][vc_column][\/vc_column][\/vc_row]<\/p>\n","protected":false},"author":1,"featured_media":0,"parent":0,"menu_order":0,"comment_status":"closed","ping_status":"closed","template":"","meta":{"footnotes":""},"class_list":["post-12155","page","type-page","status-publish","hentry"],"yoast_head":"<!-- This site is optimized with the Yoast SEO Premium plugin v18.0 (Yoast SEO v27.2) - https:\/\/yoast.com\/product\/yoast-seo-premium-wordpress\/ -->\n<title>Formulario quejas, reclamos, sugerencias y felicitaciones - Colombo Americano<\/title>\n<meta name=\"robots\" content=\"index, follow, max-snippet:-1, max-image-preview:large, max-video-preview:-1\" \/>\n<link rel=\"canonical\" href=\"https:\/\/colombogirardot.com\/2021\/formulario-quejas-reclamos-sugerencias-y-felicitaciones\/\" \/>\n<meta property=\"og:locale\" content=\"es_ES\" \/>\n<meta property=\"og:type\" content=\"article\" \/>\n<meta property=\"og:title\" content=\"Formulario quejas, reclamos, sugerencias y felicitaciones\" \/>\n<meta property=\"og:description\" content=\"[vc_row][vc_column][vc_row_inner][vc_column_inner][\/vc_column_inner][\/vc_row_inner][\/vc_column][\/vc_row][vc_row][vc_column][\/vc_column][\/vc_row]\" \/>\n<meta property=\"og:url\" content=\"https:\/\/colombogirardot.com\/2021\/formulario-quejas-reclamos-sugerencias-y-felicitaciones\/\" \/>\n<meta property=\"og:site_name\" content=\"Colombo Americano\" \/>\n<meta property=\"article:modified_time\" content=\"2023-01-13T21:16:12+00:00\" \/>\n<meta name=\"twitter:card\" content=\"summary_large_image\" \/>\n<script type=\"application\/ld+json\" class=\"yoast-schema-graph\">{\"@context\":\"https:\/\/schema.org\",\"@graph\":[{\"@type\":\"WebPage\",\"@id\":\"https:\/\/colombogirardot.com\/2021\/formulario-quejas-reclamos-sugerencias-y-felicitaciones\/\",\"url\":\"https:\/\/colombogirardot.com\/2021\/formulario-quejas-reclamos-sugerencias-y-felicitaciones\/\",\"name\":\"Formulario quejas, reclamos, sugerencias y felicitaciones - Colombo Americano\",\"isPartOf\":{\"@id\":\"https:\/\/colombogirardot.com\/2021\/#website\"},\"datePublished\":\"2023-01-13T15:18:53+00:00\",\"dateModified\":\"2023-01-13T21:16:12+00:00\",\"breadcrumb\":{\"@id\":\"https:\/\/colombogirardot.com\/2021\/formulario-quejas-reclamos-sugerencias-y-felicitaciones\/#breadcrumb\"},\"inLanguage\":\"es\",\"potentialAction\":[{\"@type\":\"ReadAction\",\"target\":[\"https:\/\/colombogirardot.com\/2021\/formulario-quejas-reclamos-sugerencias-y-felicitaciones\/\"]}]},{\"@type\":\"BreadcrumbList\",\"@id\":\"https:\/\/colombogirardot.com\/2021\/formulario-quejas-reclamos-sugerencias-y-felicitaciones\/#breadcrumb\",\"itemListElement\":[{\"@type\":\"ListItem\",\"position\":1,\"name\":\"Portada\",\"item\":\"https:\/\/colombogirardot.com\/2021\/\"},{\"@type\":\"ListItem\",\"position\":2,\"name\":\"Formulario quejas, reclamos, sugerencias y felicitaciones\"}]},{\"@type\":\"WebSite\",\"@id\":\"https:\/\/colombogirardot.com\/2021\/#website\",\"url\":\"https:\/\/colombogirardot.com\/2021\/\",\"name\":\"Colombo Americano\",\"description\":\"Girardot\",\"potentialAction\":[{\"@type\":\"SearchAction\",\"target\":{\"@type\":\"EntryPoint\",\"urlTemplate\":\"https:\/\/colombogirardot.com\/2021\/?s={search_term_string}\"},\"query-input\":{\"@type\":\"PropertyValueSpecification\",\"valueRequired\":true,\"valueName\":\"search_term_string\"}}],\"inLanguage\":\"es\"}]}<\/script>\n<!-- \/ Yoast SEO Premium plugin. -->","yoast_head_json":{"title":"Formulario quejas, reclamos, sugerencias y felicitaciones - Colombo Americano","robots":{"index":"index","follow":"follow","max-snippet":"max-snippet:-1","max-image-preview":"max-image-preview:large","max-video-preview":"max-video-preview:-1"},"canonical":"https:\/\/colombogirardot.com\/2021\/formulario-quejas-reclamos-sugerencias-y-felicitaciones\/","og_locale":"es_ES","og_type":"article","og_title":"Formulario quejas, reclamos, sugerencias y felicitaciones","og_description":"[vc_row][vc_column][vc_row_inner][vc_column_inner][\/vc_column_inner][\/vc_row_inner][\/vc_column][\/vc_row][vc_row][vc_column][\/vc_column][\/vc_row]","og_url":"https:\/\/colombogirardot.com\/2021\/formulario-quejas-reclamos-sugerencias-y-felicitaciones\/","og_site_name":"Colombo Americano","article_modified_time":"2023-01-13T21:16:12+00:00","twitter_card":"summary_large_image","schema":{"@context":"https:\/\/schema.org","@graph":[{"@type":"WebPage","@id":"https:\/\/colombogirardot.com\/2021\/formulario-quejas-reclamos-sugerencias-y-felicitaciones\/","url":"https:\/\/colombogirardot.com\/2021\/formulario-quejas-reclamos-sugerencias-y-felicitaciones\/","name":"Formulario quejas, reclamos, sugerencias y felicitaciones - Colombo Americano","isPartOf":{"@id":"https:\/\/colombogirardot.com\/2021\/#website"},"datePublished":"2023-01-13T15:18:53+00:00","dateModified":"2023-01-13T21:16:12+00:00","breadcrumb":{"@id":"https:\/\/colombogirardot.com\/2021\/formulario-quejas-reclamos-sugerencias-y-felicitaciones\/#breadcrumb"},"inLanguage":"es","potentialAction":[{"@type":"ReadAction","target":["https:\/\/colombogirardot.com\/2021\/formulario-quejas-reclamos-sugerencias-y-felicitaciones\/"]}]},{"@type":"BreadcrumbList","@id":"https:\/\/colombogirardot.com\/2021\/formulario-quejas-reclamos-sugerencias-y-felicitaciones\/#breadcrumb","itemListElement":[{"@type":"ListItem","position":1,"name":"Portada","item":"https:\/\/colombogirardot.com\/2021\/"},{"@type":"ListItem","position":2,"name":"Formulario quejas, reclamos, sugerencias y felicitaciones"}]},{"@type":"WebSite","@id":"https:\/\/colombogirardot.com\/2021\/#website","url":"https:\/\/colombogirardot.com\/2021\/","name":"Colombo Americano","description":"Girardot","potentialAction":[{"@type":"SearchAction","target":{"@type":"EntryPoint","urlTemplate":"https:\/\/colombogirardot.com\/2021\/?s={search_term_string}"},"query-input":{"@type":"PropertyValueSpecification","valueRequired":true,"valueName":"search_term_string"}}],"inLanguage":"es"}]}},"_links":{"self":[{"href":"https:\/\/colombogirardot.com\/2021\/wp-json\/wp\/v2\/pages\/12155","targetHints":{"allow":["GET"]}}],"collection":[{"href":"https:\/\/colombogirardot.com\/2021\/wp-json\/wp\/v2\/pages"}],"about":[{"href":"https:\/\/colombogirardot.com\/2021\/wp-json\/wp\/v2\/types\/page"}],"author":[{"embeddable":true,"href":"https:\/\/colombogirardot.com\/2021\/wp-json\/wp\/v2\/users\/1"}],"replies":[{"embeddable":true,"href":"https:\/\/colombogirardot.com\/2021\/wp-json\/wp\/v2\/comments?post=12155"}],"version-history":[{"count":0,"href":"https:\/\/colombogirardot.com\/2021\/wp-json\/wp\/v2\/pages\/12155\/revisions"}],"wp:attachment":[{"href":"https:\/\/colombogirardot.com\/2021\/wp-json\/wp\/v2\/media?parent=12155"}],"curies":[{"name":"wp","href":"https:\/\/api.w.org\/{rel}","templated":true}]}}