{"id":11650,"date":"2021-03-15T12:35:26","date_gmt":"2021-03-15T12:35:26","guid":{"rendered":"https:\/\/colombogirardot.com\/2021\/?page_id=11650"},"modified":"2024-12-02T11:16:21","modified_gmt":"2024-12-02T16:16:21","slug":"fundamentals","status":"publish","type":"page","link":"https:\/\/colombogirardot.com\/2021\/fundamentals\/","title":{"rendered":"Bloque Fundamentals (A1-A2)"},"content":{"rendered":"<div class=\"wpb-content-wrapper\"><p>[vc_row][vc_column][vc_single_image image=\u00bb12335&#8243; img_size=\u00bbfull\u00bb][\/vc_column][\/vc_row][vc_row][vc_column width=\u00bb2\/3&#8243; css=\u00bb.vc_custom_1713017330811{margin-top: 0px !important;margin-bottom: 0px !important;border-top-width: 0px !important;border-bottom-width: 0px !important;padding-top: 0px !important;padding-bottom: 0px !important;}\u00bb]<div class=\"thim-widget-heading template-base\"><div class=\"sc_heading  \"><h3 class=\"title\">Bloque Fundamentals (A1 \u2013 A2, 320 HA)<\/h3><p class=\"sub-heading\" style=\"\">Descripci\u00f3n<br \/>\nComprende y utiliza expresiones cotidianas de uso muy frecuente y frases sencillas destinadas a satisfacer necesidades de tipo inmediato. Puede presentarse a s\u00ed mismo y a otros, pedir y dar informaci\u00f3n personal b\u00e1sica sobre su domicilio, sus pertenencias y las personas que conoce. Puede relacionarse de forma elemental siempre que su interlocutor hable despacio y con claridad y est\u00e9 dispuesto a cooperar.<\/p><\/div><\/div><div class=\"thim-widget-heading template-base\"><div class=\"sc_heading  \"><h3 class=\"title\">M\u00f3dulo Fundamentals A1 (160 HA)<\/h3><p class=\"sub-heading\" style=\"\">Aprender\u00e1s a comunicarte de forma breve, sencilla y cotidiana, lo cual te permitir\u00e1 intercambiar informaci\u00f3n esencial con tu entorno.<\/p><\/div><\/div><div class=\"thim-widget-heading template-base\"><div class=\"sc_heading  \"><h3 class=\"title\">Niveles<\/h3><p class=\"sub-heading\" style=\"\">Este m\u00f3dulo est\u00e1 compuesto por:<br \/>\n-Fundamentals F1<br \/>\n-Fundamentals F2<br \/>\n-Fundamentals F3<br \/>\n-Fundamentals F4<\/p><\/div><\/div><div class=\"thim-widget-heading template-base\"><div class=\"sc_heading  \"><h3 class=\"title\">M\u00f3dulo Fundamentals A2 (160 HA)<\/h3><p class=\"sub-heading\" style=\"\">Comprende frases y expresiones de uso frecuente relacionadas con \u00e1reas de experiencia (informaci\u00f3n b\u00e1sica sobre s\u00ed mismo y su familia, compras, lugares de inter\u00e9s, ocupaciones, etc). Sabe comunicarse y comprende informaci\u00f3n sobre cuestiones que le son conocidas o habituales. Sabe describir en t\u00e9rminos sencillos aspectos de su entorno, as\u00ed como cuestiones relacionadas con sus necesidades inmediatas.<\/p><\/div><\/div><div class=\"thim-widget-heading template-base\"><div class=\"sc_heading  \"><h3 class=\"title\">Niveles<\/h3><p class=\"sub-heading\" style=\"\">Este m\u00f3dulo est\u00e1 compuesto por:<br \/>\n-Fundamentals F5<br \/>\n-Fundamentals F6<br \/>\n-Fundamentals F7<br \/>\n-Fundamentals F8<\/p><\/div><\/div><div class=\"thim-widget-heading template-base\"><div class=\"sc_heading  \"><h3 class=\"title\">Modalidades<\/h3><p class=\"sub-heading\" style=\"\">-Programa tradicional: Clases grupales con estudiantes de su mismo nivel.<br \/>\n-Programa personalizado: Remotas o presenciales.<br \/>\nEl estudiante escoge la frecuencia, el horario y d\u00f3nde tomar su clase.<br \/>\n<\/p><\/div><\/div><div class=\"thim-widget-heading template-base\"><div class=\"sc_heading  \"><h3 class=\"title\">Opciones de pago<\/h3><p class=\"sub-heading\" style=\"\">-De contado: Obtenga un descuento especial por pagar el m\u00f3dulo completo.<br \/>\n-A plazos: 4 cuotas sin inter\u00e9s. Se paga por cada nivel.<\/p><\/div><\/div>[\/vc_column][vc_column width=\u00bb1\/3&#8243;]<div class=\"thim-widget-heading template-base\"><div class=\"sc_heading  \"><h2 style=\"font-size:19px;\" class=\"title\">Caracter\u00edsticas del modulo<\/h2><p class=\"sub-heading\" style=\"\">-160 horas.<br \/>\n-Clases Presenciales.<br \/>\n-Grupal o personalizado.<br \/>\n-Valor de la matr\u00edcula: $55.000.<\/p><span class=\"line\"><\/span><\/div><\/div>[\/vc_column][vc_column][\/vc_column][\/vc_row]<\/p>\n<\/div>","protected":false},"excerpt":{"rendered":"<p>[vc_row][vc_column][vc_single_image image=\u00bb12335&#8243; img_size=\u00bbfull\u00bb][\/vc_column][\/vc_row][vc_row][vc_column width=\u00bb2\/3&#8243; css=\u00bb.vc_custom_1713017330811{margin-top: 0px !important;margin-bottom: 0px !important;border-top-width: 0px !important;border-bottom-width: 0px !important;padding-top: 0px !important;padding-bottom: 0px !important;}\u00bb][\/vc_column][vc_column width=\u00bb1\/3&#8243;][\/vc_column][vc_column][\/vc_column][\/vc_row]<\/p>\n","protected":false},"author":1,"featured_media":0,"parent":0,"menu_order":0,"comment_status":"closed","ping_status":"closed","template":"","meta":{"footnotes":""},"class_list":["post-11650","page","type-page","status-publish","hentry"],"yoast_head":"<!-- This site is optimized with the Yoast SEO Premium plugin v18.0 (Yoast SEO v27.2) - https:\/\/yoast.com\/product\/yoast-seo-premium-wordpress\/ -->\n<title>Bloque Fundamentals (A1-A2) - Colombo Americano<\/title>\n<meta name=\"robots\" content=\"index, follow, max-snippet:-1, max-image-preview:large, max-video-preview:-1\" \/>\n<link rel=\"canonical\" href=\"https:\/\/colombogirardot.com\/2021\/fundamentals\/\" \/>\n<meta property=\"og:locale\" content=\"es_ES\" \/>\n<meta property=\"og:type\" content=\"article\" \/>\n<meta property=\"og:title\" content=\"Bloque Fundamentals (A1-A2)\" \/>\n<meta property=\"og:description\" content=\"[vc_row][vc_column][vc_single_image image=\u00bb12335&#8243; img_size=\u00bbfull\u00bb][\/vc_column][\/vc_row][vc_row][vc_column width=\u00bb2\/3&#8243; css=\u00bb.vc_custom_1713017330811{margin-top: 0px !important;margin-bottom: 0px !important;border-top-width: 0px !important;border-bottom-width: 0px !important;padding-top: 0px !important;padding-bottom: 0px !important;}\u00bb][\/vc_column][vc_column width=\u00bb1\/3&#8243;][\/vc_column][vc_column][\/vc_column][\/vc_row]\" \/>\n<meta property=\"og:url\" content=\"https:\/\/colombogirardot.com\/2021\/fundamentals\/\" \/>\n<meta property=\"og:site_name\" content=\"Colombo Americano\" \/>\n<meta property=\"article:modified_time\" content=\"2024-12-02T16:16:21+00:00\" \/>\n<meta name=\"twitter:card\" content=\"summary_large_image\" \/>\n<meta name=\"twitter:label1\" content=\"Tiempo de lectura\" \/>\n\t<meta name=\"twitter:data1\" content=\"2 minutos\" \/>\n<script type=\"application\/ld+json\" class=\"yoast-schema-graph\">{\"@context\":\"https:\/\/schema.org\",\"@graph\":[{\"@type\":\"WebPage\",\"@id\":\"https:\/\/colombogirardot.com\/2021\/fundamentals\/\",\"url\":\"https:\/\/colombogirardot.com\/2021\/fundamentals\/\",\"name\":\"Bloque Fundamentals (A1-A2) - Colombo Americano\",\"isPartOf\":{\"@id\":\"https:\/\/colombogirardot.com\/2021\/#website\"},\"datePublished\":\"2021-03-15T12:35:26+00:00\",\"dateModified\":\"2024-12-02T16:16:21+00:00\",\"breadcrumb\":{\"@id\":\"https:\/\/colombogirardot.com\/2021\/fundamentals\/#breadcrumb\"},\"inLanguage\":\"es\",\"potentialAction\":[{\"@type\":\"ReadAction\",\"target\":[\"https:\/\/colombogirardot.com\/2021\/fundamentals\/\"]}]},{\"@type\":\"BreadcrumbList\",\"@id\":\"https:\/\/colombogirardot.com\/2021\/fundamentals\/#breadcrumb\",\"itemListElement\":[{\"@type\":\"ListItem\",\"position\":1,\"name\":\"Portada\",\"item\":\"https:\/\/colombogirardot.com\/2021\/\"},{\"@type\":\"ListItem\",\"position\":2,\"name\":\"Bloque Fundamentals (A1-A2)\"}]},{\"@type\":\"WebSite\",\"@id\":\"https:\/\/colombogirardot.com\/2021\/#website\",\"url\":\"https:\/\/colombogirardot.com\/2021\/\",\"name\":\"Colombo Americano\",\"description\":\"Girardot\",\"potentialAction\":[{\"@type\":\"SearchAction\",\"target\":{\"@type\":\"EntryPoint\",\"urlTemplate\":\"https:\/\/colombogirardot.com\/2021\/?s={search_term_string}\"},\"query-input\":{\"@type\":\"PropertyValueSpecification\",\"valueRequired\":true,\"valueName\":\"search_term_string\"}}],\"inLanguage\":\"es\"}]}<\/script>\n<!-- \/ Yoast SEO Premium plugin. -->","yoast_head_json":{"title":"Bloque Fundamentals (A1-A2) - Colombo Americano","robots":{"index":"index","follow":"follow","max-snippet":"max-snippet:-1","max-image-preview":"max-image-preview:large","max-video-preview":"max-video-preview:-1"},"canonical":"https:\/\/colombogirardot.com\/2021\/fundamentals\/","og_locale":"es_ES","og_type":"article","og_title":"Bloque Fundamentals (A1-A2)","og_description":"[vc_row][vc_column][vc_single_image image=\u00bb12335&#8243; img_size=\u00bbfull\u00bb][\/vc_column][\/vc_row][vc_row][vc_column width=\u00bb2\/3&#8243; css=\u00bb.vc_custom_1713017330811{margin-top: 0px !important;margin-bottom: 0px !important;border-top-width: 0px !important;border-bottom-width: 0px !important;padding-top: 0px !important;padding-bottom: 0px !important;}\u00bb][\/vc_column][vc_column width=\u00bb1\/3&#8243;][\/vc_column][vc_column][\/vc_column][\/vc_row]","og_url":"https:\/\/colombogirardot.com\/2021\/fundamentals\/","og_site_name":"Colombo Americano","article_modified_time":"2024-12-02T16:16:21+00:00","twitter_card":"summary_large_image","twitter_misc":{"Tiempo de lectura":"2 minutos"},"schema":{"@context":"https:\/\/schema.org","@graph":[{"@type":"WebPage","@id":"https:\/\/colombogirardot.com\/2021\/fundamentals\/","url":"https:\/\/colombogirardot.com\/2021\/fundamentals\/","name":"Bloque Fundamentals (A1-A2) - Colombo Americano","isPartOf":{"@id":"https:\/\/colombogirardot.com\/2021\/#website"},"datePublished":"2021-03-15T12:35:26+00:00","dateModified":"2024-12-02T16:16:21+00:00","breadcrumb":{"@id":"https:\/\/colombogirardot.com\/2021\/fundamentals\/#breadcrumb"},"inLanguage":"es","potentialAction":[{"@type":"ReadAction","target":["https:\/\/colombogirardot.com\/2021\/fundamentals\/"]}]},{"@type":"BreadcrumbList","@id":"https:\/\/colombogirardot.com\/2021\/fundamentals\/#breadcrumb","itemListElement":[{"@type":"ListItem","position":1,"name":"Portada","item":"https:\/\/colombogirardot.com\/2021\/"},{"@type":"ListItem","position":2,"name":"Bloque Fundamentals (A1-A2)"}]},{"@type":"WebSite","@id":"https:\/\/colombogirardot.com\/2021\/#website","url":"https:\/\/colombogirardot.com\/2021\/","name":"Colombo Americano","description":"Girardot","potentialAction":[{"@type":"SearchAction","target":{"@type":"EntryPoint","urlTemplate":"https:\/\/colombogirardot.com\/2021\/?s={search_term_string}"},"query-input":{"@type":"PropertyValueSpecification","valueRequired":true,"valueName":"search_term_string"}}],"inLanguage":"es"}]}},"_links":{"self":[{"href":"https:\/\/colombogirardot.com\/2021\/wp-json\/wp\/v2\/pages\/11650","targetHints":{"allow":["GET"]}}],"collection":[{"href":"https:\/\/colombogirardot.com\/2021\/wp-json\/wp\/v2\/pages"}],"about":[{"href":"https:\/\/colombogirardot.com\/2021\/wp-json\/wp\/v2\/types\/page"}],"author":[{"embeddable":true,"href":"https:\/\/colombogirardot.com\/2021\/wp-json\/wp\/v2\/users\/1"}],"replies":[{"embeddable":true,"href":"https:\/\/colombogirardot.com\/2021\/wp-json\/wp\/v2\/comments?post=11650"}],"version-history":[{"count":11,"href":"https:\/\/colombogirardot.com\/2021\/wp-json\/wp\/v2\/pages\/11650\/revisions"}],"predecessor-version":[{"id":12474,"href":"https:\/\/colombogirardot.com\/2021\/wp-json\/wp\/v2\/pages\/11650\/revisions\/12474"}],"wp:attachment":[{"href":"https:\/\/colombogirardot.com\/2021\/wp-json\/wp\/v2\/media?parent=11650"}],"curies":[{"name":"wp","href":"https:\/\/api.w.org\/{rel}","templated":true}]}}