{"id":11547,"date":"2021-03-11T16:19:52","date_gmt":"2021-03-11T16:19:52","guid":{"rendered":"https:\/\/colombogirardot.com\/2021\/?page_id=11547"},"modified":"2024-12-02T11:26:54","modified_gmt":"2024-12-02T16:26:54","slug":"skills","status":"publish","type":"page","link":"https:\/\/colombogirardot.com\/2021\/skills\/","title":{"rendered":"Bloque Skills (B1 \u2013 B2)"},"content":{"rendered":"<div class=\"wpb-content-wrapper\"><p>[vc_row][vc_column][vc_single_image image=\u00bb12392&#8243; img_size=\u00bbfull\u00bb][\/vc_column][\/vc_row][vc_row][vc_column width=\u00bb2\/3&#8243; css=\u00bb.vc_custom_1713017330811{margin-top: 0px !important;margin-bottom: 0px !important;border-top-width: 0px !important;border-bottom-width: 0px !important;padding-top: 0px !important;padding-bottom: 0px !important;}\u00bb]<div class=\"thim-widget-heading template-base\"><div class=\"sc_heading  \"><h3 class=\"title\">Bloque Skills (B1 \u2013 B2, 320 HA)<\/h3><p class=\"sub-heading\" style=\"\">Descripci\u00f3n<br \/>\nPuede comprender los puntos principales de textos claros que tratan sobre asuntos que le son conocidos, ya sea en situaciones de trabajo, de estudio o de tiempo libre. Se desenvuelve en la mayor parte de las situaciones que pueden surgir durante un viaje. Es capaz de producir textos sencillos y coherentes sobre temas que le son familiares o en los que tiene un inter\u00e9s personal. Puede describir experiencias, acontecimientos, deseos y aspiraciones, as\u00ed como justificar brevemente sus opiniones o explicar sus planes.<\/p><\/div><\/div><div class=\"thim-widget-heading template-base\"><div class=\"sc_heading  \"><h3 class=\"title\">M\u00f3dulo Skills B1 (160 HA)<\/h3><p class=\"sub-heading\" style=\"\">Lograr\u00e1s participar en debates sobre temas de inter\u00e9s genera, lo cual te permitir\u00e1 destacarte en entornos acad\u00e9micos y laborales.<\/p><\/div><\/div><div class=\"thim-widget-heading template-base\"><div class=\"sc_heading  \"><h3 class=\"title\">Niveles<\/h3><p class=\"sub-heading\" style=\"\">Este m\u00f3dulo est\u00e1 compuesto por:<br \/>\n-Skills S1<br \/>\n-Skills S2<br \/>\n-Skills S3<br \/>\n-Skills S4<\/p><\/div><\/div><div class=\"thim-widget-heading template-base\"><div class=\"sc_heading  \"><h3 class=\"title\">M\u00f3dulo Skills B2 (160 HA)<\/h3><p class=\"sub-heading\" style=\"\">Puede escribir conectando ideas comparando hechos y haciendo contrastes. Razona y explica su posici\u00f3n. Generalmente est\u00e1 en condiciones de resumir, reportar y dar su opini\u00f3n. Usa un amplio rango de palabras para expresar ideas sobre temas inusuales en su rutina. Se puede afirmar que en este punto tiene un buen uso y control de las estructuras del idioma y est\u00e1 en capacidad de identificar y corregir errores de ortograf\u00eda y en la construcci\u00f3n de las estructuras gramaticales.<\/p><\/div><\/div><div class=\"thim-widget-heading template-base\"><div class=\"sc_heading  \"><h3 class=\"title\">Niveles<\/h3><p class=\"sub-heading\" style=\"\">Este m\u00f3dulo est\u00e1 compuesto por:<br \/>\n-Skills S5<br \/>\n-Skills S6<br \/>\n-Skills S7<br \/>\n-Skills S8<\/p><\/div><\/div><div class=\"thim-widget-heading template-base\"><div class=\"sc_heading  \"><h3 class=\"title\">Modalidades<\/h3><p class=\"sub-heading\" style=\"\">-Programa tradicional: Clases grupales con estudiantes de su mismo nivel.<br \/>\n-Programa personalizado: Remotas o presenciales.<br \/>\nEl estudiante escoge la frecuencia, el horario y d\u00f3nde tomar su clase.<\/p><\/div><\/div><div class=\"thim-widget-heading template-base\"><div class=\"sc_heading  \"><h3 class=\"title\">Opciones de pago<\/h3><p class=\"sub-heading\" style=\"\">-De contado: Obtenga un descuento especial por pagar el m\u00f3dulo completo.<br \/>\n-A plazos: 4 cuotas sin inter\u00e9s. Se paga por cada nivel.<\/p><\/div><\/div>[\/vc_column][vc_column width=\u00bb1\/3&#8243;]<div class=\"thim-widget-heading template-base\"><div class=\"sc_heading  \"><h2 style=\"font-size:19px;\" class=\"title\">Caracter\u00edsticas del modulo<\/h2><p class=\"sub-heading\" style=\"\">-160 horas.<br \/>\n-Clases Presenciales.<br \/>\n-Grupal o personalizado.<br \/>\n-Valor de la matr\u00edcula: $55.000.<\/p><span class=\"line\"><\/span><\/div><\/div>[\/vc_column][vc_column][\/vc_column][\/vc_row]<\/p>\n<\/div>","protected":false},"excerpt":{"rendered":"<p>[vc_row][vc_column][vc_single_image image=\u00bb12392&#8243; img_size=\u00bbfull\u00bb][\/vc_column][\/vc_row][vc_row][vc_column width=\u00bb2\/3&#8243; css=\u00bb.vc_custom_1713017330811{margin-top: 0px !important;margin-bottom: 0px !important;border-top-width: 0px !important;border-bottom-width: 0px !important;padding-top: 0px !important;padding-bottom: 0px !important;}\u00bb][\/vc_column][vc_column width=\u00bb1\/3&#8243;][\/vc_column][vc_column][\/vc_column][\/vc_row]<\/p>\n","protected":false},"author":1,"featured_media":0,"parent":0,"menu_order":0,"comment_status":"closed","ping_status":"closed","template":"","meta":{"footnotes":""},"class_list":["post-11547","page","type-page","status-publish","hentry"],"yoast_head":"<!-- This site is optimized with the Yoast SEO Premium plugin v18.0 (Yoast SEO v27.2) - https:\/\/yoast.com\/product\/yoast-seo-premium-wordpress\/ -->\n<title>Bloque Skills (B1 \u2013 B2) - Colombo Americano<\/title>\n<meta name=\"robots\" content=\"index, follow, max-snippet:-1, max-image-preview:large, max-video-preview:-1\" \/>\n<link rel=\"canonical\" href=\"https:\/\/colombogirardot.com\/2021\/skills\/\" \/>\n<meta property=\"og:locale\" content=\"es_ES\" \/>\n<meta property=\"og:type\" content=\"article\" \/>\n<meta property=\"og:title\" content=\"Bloque Skills (B1 \u2013 B2)\" \/>\n<meta property=\"og:description\" content=\"[vc_row][vc_column][vc_single_image image=\u00bb12392&#8243; img_size=\u00bbfull\u00bb][\/vc_column][\/vc_row][vc_row][vc_column width=\u00bb2\/3&#8243; css=\u00bb.vc_custom_1713017330811{margin-top: 0px !important;margin-bottom: 0px !important;border-top-width: 0px !important;border-bottom-width: 0px !important;padding-top: 0px !important;padding-bottom: 0px !important;}\u00bb][\/vc_column][vc_column width=\u00bb1\/3&#8243;][\/vc_column][vc_column][\/vc_column][\/vc_row]\" \/>\n<meta property=\"og:url\" content=\"https:\/\/colombogirardot.com\/2021\/skills\/\" \/>\n<meta property=\"og:site_name\" content=\"Colombo Americano\" \/>\n<meta property=\"article:modified_time\" content=\"2024-12-02T16:26:54+00:00\" \/>\n<meta name=\"twitter:card\" content=\"summary_large_image\" \/>\n<meta name=\"twitter:label1\" content=\"Tiempo de lectura\" \/>\n\t<meta name=\"twitter:data1\" content=\"2 minutos\" \/>\n<script type=\"application\/ld+json\" class=\"yoast-schema-graph\">{\"@context\":\"https:\/\/schema.org\",\"@graph\":[{\"@type\":\"WebPage\",\"@id\":\"https:\/\/colombogirardot.com\/2021\/skills\/\",\"url\":\"https:\/\/colombogirardot.com\/2021\/skills\/\",\"name\":\"Bloque Skills (B1 \u2013 B2) - Colombo Americano\",\"isPartOf\":{\"@id\":\"https:\/\/colombogirardot.com\/2021\/#website\"},\"datePublished\":\"2021-03-11T16:19:52+00:00\",\"dateModified\":\"2024-12-02T16:26:54+00:00\",\"breadcrumb\":{\"@id\":\"https:\/\/colombogirardot.com\/2021\/skills\/#breadcrumb\"},\"inLanguage\":\"es\",\"potentialAction\":[{\"@type\":\"ReadAction\",\"target\":[\"https:\/\/colombogirardot.com\/2021\/skills\/\"]}]},{\"@type\":\"BreadcrumbList\",\"@id\":\"https:\/\/colombogirardot.com\/2021\/skills\/#breadcrumb\",\"itemListElement\":[{\"@type\":\"ListItem\",\"position\":1,\"name\":\"Portada\",\"item\":\"https:\/\/colombogirardot.com\/2021\/\"},{\"@type\":\"ListItem\",\"position\":2,\"name\":\"Bloque Skills (B1 \u2013 B2)\"}]},{\"@type\":\"WebSite\",\"@id\":\"https:\/\/colombogirardot.com\/2021\/#website\",\"url\":\"https:\/\/colombogirardot.com\/2021\/\",\"name\":\"Colombo Americano\",\"description\":\"Girardot\",\"potentialAction\":[{\"@type\":\"SearchAction\",\"target\":{\"@type\":\"EntryPoint\",\"urlTemplate\":\"https:\/\/colombogirardot.com\/2021\/?s={search_term_string}\"},\"query-input\":{\"@type\":\"PropertyValueSpecification\",\"valueRequired\":true,\"valueName\":\"search_term_string\"}}],\"inLanguage\":\"es\"}]}<\/script>\n<!-- \/ Yoast SEO Premium plugin. -->","yoast_head_json":{"title":"Bloque Skills (B1 \u2013 B2) - Colombo Americano","robots":{"index":"index","follow":"follow","max-snippet":"max-snippet:-1","max-image-preview":"max-image-preview:large","max-video-preview":"max-video-preview:-1"},"canonical":"https:\/\/colombogirardot.com\/2021\/skills\/","og_locale":"es_ES","og_type":"article","og_title":"Bloque Skills (B1 \u2013 B2)","og_description":"[vc_row][vc_column][vc_single_image image=\u00bb12392&#8243; img_size=\u00bbfull\u00bb][\/vc_column][\/vc_row][vc_row][vc_column width=\u00bb2\/3&#8243; css=\u00bb.vc_custom_1713017330811{margin-top: 0px !important;margin-bottom: 0px !important;border-top-width: 0px !important;border-bottom-width: 0px !important;padding-top: 0px !important;padding-bottom: 0px !important;}\u00bb][\/vc_column][vc_column width=\u00bb1\/3&#8243;][\/vc_column][vc_column][\/vc_column][\/vc_row]","og_url":"https:\/\/colombogirardot.com\/2021\/skills\/","og_site_name":"Colombo Americano","article_modified_time":"2024-12-02T16:26:54+00:00","twitter_card":"summary_large_image","twitter_misc":{"Tiempo de lectura":"2 minutos"},"schema":{"@context":"https:\/\/schema.org","@graph":[{"@type":"WebPage","@id":"https:\/\/colombogirardot.com\/2021\/skills\/","url":"https:\/\/colombogirardot.com\/2021\/skills\/","name":"Bloque Skills (B1 \u2013 B2) - Colombo Americano","isPartOf":{"@id":"https:\/\/colombogirardot.com\/2021\/#website"},"datePublished":"2021-03-11T16:19:52+00:00","dateModified":"2024-12-02T16:26:54+00:00","breadcrumb":{"@id":"https:\/\/colombogirardot.com\/2021\/skills\/#breadcrumb"},"inLanguage":"es","potentialAction":[{"@type":"ReadAction","target":["https:\/\/colombogirardot.com\/2021\/skills\/"]}]},{"@type":"BreadcrumbList","@id":"https:\/\/colombogirardot.com\/2021\/skills\/#breadcrumb","itemListElement":[{"@type":"ListItem","position":1,"name":"Portada","item":"https:\/\/colombogirardot.com\/2021\/"},{"@type":"ListItem","position":2,"name":"Bloque Skills (B1 \u2013 B2)"}]},{"@type":"WebSite","@id":"https:\/\/colombogirardot.com\/2021\/#website","url":"https:\/\/colombogirardot.com\/2021\/","name":"Colombo Americano","description":"Girardot","potentialAction":[{"@type":"SearchAction","target":{"@type":"EntryPoint","urlTemplate":"https:\/\/colombogirardot.com\/2021\/?s={search_term_string}"},"query-input":{"@type":"PropertyValueSpecification","valueRequired":true,"valueName":"search_term_string"}}],"inLanguage":"es"}]}},"_links":{"self":[{"href":"https:\/\/colombogirardot.com\/2021\/wp-json\/wp\/v2\/pages\/11547","targetHints":{"allow":["GET"]}}],"collection":[{"href":"https:\/\/colombogirardot.com\/2021\/wp-json\/wp\/v2\/pages"}],"about":[{"href":"https:\/\/colombogirardot.com\/2021\/wp-json\/wp\/v2\/types\/page"}],"author":[{"embeddable":true,"href":"https:\/\/colombogirardot.com\/2021\/wp-json\/wp\/v2\/users\/1"}],"replies":[{"embeddable":true,"href":"https:\/\/colombogirardot.com\/2021\/wp-json\/wp\/v2\/comments?post=11547"}],"version-history":[{"count":8,"href":"https:\/\/colombogirardot.com\/2021\/wp-json\/wp\/v2\/pages\/11547\/revisions"}],"predecessor-version":[{"id":12477,"href":"https:\/\/colombogirardot.com\/2021\/wp-json\/wp\/v2\/pages\/11547\/revisions\/12477"}],"wp:attachment":[{"href":"https:\/\/colombogirardot.com\/2021\/wp-json\/wp\/v2\/media?parent=11547"}],"curies":[{"name":"wp","href":"https:\/\/api.w.org\/{rel}","templated":true}]}}